{"id":163,"date":"2015-02-23T23:36:20","date_gmt":"2015-02-23T23:36:20","guid":{"rendered":"http:\/\/czarnarozafinal.fabricstudio.pl\/?page_id=163"},"modified":"2016-04-10T08:42:05","modified_gmt":"2016-04-10T06:42:05","slug":"legal","status":"publish","type":"page","link":"https:\/\/hotelczarnaroza.pl\/\/de\/legal\/","title":{"rendered":"Datenschutzerkl\u00e4rung"},"content":{"rendered":"<h3 class=\"western\" lang=\"de-DE\">Urheberrechte<\/h3>\n<p class=\"western\" lang=\"de-DE\">Alle in unserem Internetportal enthaltenen Inhalte und Informationen sind Eigentum des Hotels Czarna R\u00f3\u017ca und genie\u00dfen Urheberschutz gem\u00e4\u00df dem Gesetz vom 4. Februar 1994 \u00fcber Urheberrechte und verwandte Rechte (Dz. U. 2000 Nr. 80 Pos. 904 mit sp\u00e4teren \u00c4nderungen) im Bereich deren Nutzung, Ausstrahlung, Vervielf\u00e4ltigung, \u00dcberlassung, Verbreitung, Ver\u00e4nderung oder Beseitigung. Alle Handlungen in dem obengenannten Umfang erfordern der schriftlichen Genehmigung des Hotels Czarna R\u00f3\u017ca, sonst werden sie als rechtlos anerkannt und gelten als Verletzung des geistigen Eigentums der Firma.<\/p>\n<h3 class=\"western\" lang=\"de-DE\">Datenschutz<\/h3>\n<p class=\"western\" lang=\"de-DE\">Der einzige und ausschlie\u00dfliche Verwalter von Personendaten im Sinne des Gesetzes vom 29. August 1997 \u00fcber den Datenschutz (d.h. Dz.U. von\u00a02002, Nr. 101, Pos. 926 mit sp\u00e4teren \u00c4nderungen) ist das Hotel Czarna R\u00f3\u017ca mit dem Sitz in Toru\u0144 (87\u2013100), ul. Rabia\u0144ska 11.<\/p>\n<p class=\"western\" lang=\"de-DE\">Beim Ausf\u00fcllen der Hotelformulare und Verkauf von Hoteldienstleistungen, die sich auf unserer Internetseite befinden, machen Sie Informationen \u00fcber den Vor- und Nachnamen, Adresse, Geburtsdatum, E-Mail-Adresse, Telefonnummer, Nummer der Kreditkarte freiwillig zug\u00e4nglich und sind Sie mit deren Verarbeitung im Einklang mit dem Gesetz einverstanden. Wir versichern Ihnen, dass die Personendaten nur und ausschlie\u00dflich vom Datenverwalter f\u00fcr die Belange der Dienstleistungserbringung, Vorstellung des Angebotes, Aktionen und Untersuchung der Kundenzufriedenheit verarbeitet werden, und werden anderen Rechtssubjekten weder zug\u00e4nglich gemacht, verkauft oder vermietet.<\/p>\n<p class=\"western\" lang=\"de-DE\">Gleichzeitig teilen wir Ihnen mit, dass es ein zus\u00e4tzliches Buchungsmodul gibt, das auf unserer Internetseite benutzt werden kann, und das von unserem Businesspartner die Firma Booking.com betrieben wird. Alle Personendaten, die in dieses Modul eingepflegt werden, unterstehen dem Datenschutz laut Firmenordnung Booking.com, die von der Hotelordnung unabh\u00e4ngig ist.<\/p>\n<h3>Cookies<\/h3>\n<p class=\"western\" lang=\"de-DE\">Das Internetportal nutzt Cookies-Dateien f\u00fcr statistische Zwecke und zwecks Personalisierung der Serviceeinstellungen. Bei Cookies-Dateien handelt es sich um Textdateien, die vom Webbrowser im Computer oder auf Mobilger\u00e4ten aufgezeichnet werden.<\/p>\n<p class=\"western\" lang=\"de-DE\">Der Nutzer kann die Cookies-Dateien im Rahmen des Webbrowsers verwalten. Die Ausschaltung der Cookies-Dateien-Bedienung kann Probleme bei der richtigen Funktionsweise des Services bewirken.<\/p>\n","protected":false},"excerpt":{"rendered":"<p>Urheberrechte Alle in unserem Internetportal enthaltenen Inhalte und Informationen sind Eigentum des Hotels Czarna R\u00f3\u017ca und genie\u00dfen Urheberschutz gem\u00e4\u00df dem Gesetz vom 4. Februar 1994 \u00fcber Urheberrechte und verwandte Rechte (Dz. U. 2000 Nr. 80 Pos. 904 mit sp\u00e4teren \u00c4nderungen) im Bereich deren Nutzung, Ausstrahlung, Vervielf\u00e4ltigung, \u00dcberlassung, Verbreitung, Ver\u00e4nderung oder Beseitigung. Alle Handlungen in dem [&hellip;]<\/p>\n","protected":false},"author":1,"featured_media":0,"parent":0,"menu_order":14,"comment_status":"closed","ping_status":"closed","template":"technical_page.php","meta":[],"_links":{"self":[{"href":"https:\/\/hotelczarnaroza.pl\/\/de\/wp-json\/wp\/v2\/pages\/163"}],"collection":[{"href":"https:\/\/hotelczarnaroza.pl\/\/de\/wp-json\/wp\/v2\/pages"}],"about":[{"href":"https:\/\/hotelczarnaroza.pl\/\/de\/wp-json\/wp\/v2\/types\/page"}],"author":[{"embeddable":true,"href":"https:\/\/hotelczarnaroza.pl\/\/de\/wp-json\/wp\/v2\/users\/1"}],"replies":[{"embeddable":true,"href":"https:\/\/hotelczarnaroza.pl\/\/de\/wp-json\/wp\/v2\/comments?post=163"}],"version-history":[{"count":2,"href":"https:\/\/hotelczarnaroza.pl\/\/de\/wp-json\/wp\/v2\/pages\/163\/revisions"}],"predecessor-version":[{"id":1167,"href":"https:\/\/hotelczarnaroza.pl\/\/de\/wp-json\/wp\/v2\/pages\/163\/revisions\/1167"}],"wp:attachment":[{"href":"https:\/\/hotelczarnaroza.pl\/\/de\/wp-json\/wp\/v2\/media?parent=163"}],"curies":[{"name":"wp","href":"https:\/\/api.w.org\/{rel}","templated":true}]}}